{"id":25,"date":"2019-11-20T14:38:25","date_gmt":"2019-11-20T13:38:25","guid":{"rendered":"http:\/\/web15139.login-3.loginserver.ch\/wp\/?page_id=25"},"modified":"2025-01-08T11:20:19","modified_gmt":"2025-01-08T10:20:19","slug":"gisela-vollmer","status":"publish","type":"page","link":"https:\/\/www.raumplanerin.ch\/cms\/gisela-vollmer\/","title":{"rendered":"Gisela Vollmer"},"content":{"rendered":"\r\n<p>Liebe Besucherin, lieber Besucher<\/p>\r\n\r\n\r\n\r\n<p>Auf diesen Seiten erfahren Sie mehr \u00fcber meine beruflichen, politischen und gesellschaftlichen T\u00e4tigkeiten.<br \/>Haben Sie Fragen, Anliegen oder Anregungen, z\u00f6gern Sie nicht, mit mir direkt Kontakt aufzunehmen.<\/p>\r\n\r\n\r\n\r\n<p>Mit freundlichen Gr\u00fcssen<br \/>Gisela Vollmer<\/p>\r\n\r\n\r\n\r\n<h2 class=\"wp-block-heading\">Curriculum<\/h2>\r\n\r\n\r\n\r\n<p>Mit Peter Vollmer (<a href=\"http:\/\/www.vollmer.ch\/\" target=\"_blank\" rel=\"noreferrer noopener\">www.vollmer.ch<\/a>) verheiratet, drei S\u00f6hne (<a href=\"http:\/\/www.SCANVISION.ch\">http:\/\/www.SCANVISION.ch<\/a>).<\/p>\r\n\r\n\r\n\r\n<p>Kontakt: <a href=\"mailto:mail@raumplanerin.ch\">mail@raumplanerin.ch<\/a>, tel. 076 376 89 41<\/p>\r\n\r\n\r\n\r\n<p>Studium der Architektur und Nachdiplomstudium in Raumplanung an der ETHZ. Seit 1989 freiberufliche Architektin\/Raumplanerin mit Schwerpunkt Raumplanung in st\u00e4dtischen Gebieten unter Ber\u00fccksichtigung Umsetzung der Anliegen des Langsamverkehrs, vor allem des Fussverkehrs, der Sicherheit im \u00f6ffentlichen Raum und der Bed\u00fcrfnisse von Frauen, Kindern und Betagten im \u00f6ffentlichen Raum, genderrechte Stadt- und Verkehrsplanung.<\/p>\r\n\r\n\r\n\r\n<p>2014 Mitglied VR Hotel Regina M\u00fcrren, Sanierungsmassnahmen Hotel Regina (Leitung seit 2017) und Pr\u00e4sidentin Kulturausschuss Hotel Regina M\u00fcrren <a href=\"https:\/\/www.reginamuerren.ch\/\">www.reginamuerren.ch<\/a><\/p>\r\n\r\n\r\n\r\n<p>2005\/2016 Stadtr\u00e4tin in Bern <a href=\"http:\/\/www.bern.ch\/stadtrat\" target=\"_blank\" rel=\"noreferrer noopener\">www.bern.ch\/stadtrat<\/a><\/p>\r\n\r\n\r\n\r\n<p>2006\/2016 Gesch\u00e4ftsf\u00fchrerin Fussverkehr Kanton Bern <a href=\"http:\/\/www.fussverkehr.ch\/\" target=\"_blank\" rel=\"noreferrer noopener\">www.Fussverkehr.ch\/regional\/bern2013 <\/a><\/p>\r\n<p>2013 Gr\u00fcndung des ersten regionalen Vereins Fussverkehr Kanton Bern<\/p>\r\n\r\n\r\n\r\n<p>2008 Pr\u00e4sidentin MiniMuseumM\u00fcrren <a href=\"http:\/\/www.minimuseumm\u00fcrren.ch\" target=\"_blank\" rel=\"noreferrer noopener\">www.minimuseumm\u00fcrren.ch<\/a><\/p>\r\n\r\n\r\n\r\n<p>2003\/2012 Stiftungsratsmitglied ATU-PRIX- neu: Berner Baukultur. <a href=\"http:\/\/www.atu-prix.ch\" target=\"_blank\" rel=\"noreferrer noopener\">www.atu-prix.ch<\/a><\/p>\r\n\r\n\r\n\r\n<p>2001\/2022 Mitglied im Fachausschuss der Gemeinde Moossedorf (Beratung zu gestalterischen Fragen)<\/p>\r\n\r\n\r\n\r\n<p>1999\/2005 Mitglied des Beirats \u201cForum Schlossplatz\u201d, Aarau<\/p>\r\n\r\n\r\n\r\n<p>1998\/2001 Mitglied (Gr\u00fcndung) in der Frauenbegleitgruppe \u201cMasterplan Bahnhof Bern\u201d<\/p>\r\n\r\n\r\n\r\n<h2 class=\"wp-block-heading\">Fachverb\u00e4nde<\/h2>\r\n\r\n\r\n\r\n<p>Fussverkehr Schweiz, <a href=\"http:\/\/www.fussverkehr.ch\/\" target=\"_blank\" rel=\"noreferrer noopener\">www.Fussverkehr.ch\/bern; Gesch\u00e4ftsf\u00fchrerin Fussverkehr Kanton Bern (2006 \u2013 2016)<\/a><\/p>\r\n\r\n\r\n\r\n<p><a href=\"http:\/\/www.werkbund.ch\/\" target=\"_blank\" rel=\"noreferrer noopener\">Schweizerischer Werkbund<\/a> (SWB), Vorstand Sektion Bern bis 2005<\/p>\r\n<p><a href=\"http:\/\/www.atu-prix.ch\/\" target=\"_blank\" rel=\"noreferrer noopener\">ATU PRIX<\/a>, Vizepr\u00e4sidentin (2005 \u2013 2014)<\/p>\r\n\r\n\r\n\r\n<p><a href=\"https:\/\/www.abap.ch\/\" target=\"_blank\" rel=\"noreferrer noopener\">ABAP<\/a> (Berner Architektinnen und Planerinnen),<\/p>\r\n\r\n\r\n\r\n<p>P,A,F. Planung, Architektur, Frauen. (1995 \u2013 2003 Pr\u00e4sidentin der Regionalgruppe Bern)<\/p>\r\n\r\n\r\n\r\n<p>Schweizer Heimatschutz, Regionalgruppe Bern, <a href=\"https:\/\/www.heimatschutz-bernmittelland.ch\/\" target=\"_blank\" rel=\"noreferrer noopener\">www.heimatschutz-bern.ch<\/a><\/p>\r\n\r\n\r\n\r\n<p>SSES, Schweizerische Vereinigung f\u00fcr Sonnenenergie, <a href=\"http:\/\/www.sses.ch\/\" target=\"_blank\" rel=\"noreferrer noopener\">www.sses.ch<\/a><\/p>\r\n\r\n\r\n\r\n\r\n","protected":false},"excerpt":{"rendered":"<p>Liebe Besucherin, lieber Besucher Auf diesen Seiten erfahren Sie mehr \u00fcber meine beruflichen, politischen und gesellschaftlichen T\u00e4tigkeiten.Haben Sie Fragen, Anliegen oder Anregungen, z\u00f6gern Sie nicht, mit mir direkt Kontakt aufzunehmen. Mit freundlichen Gr\u00fcssenGisela Vollmer Curriculum Mit Peter Vollmer (www.vollmer.ch) verheiratet, drei S\u00f6hne (http:\/\/www.SCANVISION.ch). Kontakt: mail@raumplanerin.ch, tel. 076 376 89 41 Studium der Architektur und Nachdiplomstudium&#8230;<\/p>\n","protected":false},"author":2,"featured_media":0,"parent":0,"menu_order":0,"comment_status":"closed","ping_status":"closed","template":"","meta":{"footnotes":""},"class_list":["post-25","page","type-page","status-publish","hentry"],"_links":{"self":[{"href":"https:\/\/www.raumplanerin.ch\/cms\/wp-json\/wp\/v2\/pages\/25","targetHints":{"allow":["GET"]}}],"collection":[{"href":"https:\/\/www.raumplanerin.ch\/cms\/wp-json\/wp\/v2\/pages"}],"about":[{"href":"https:\/\/www.raumplanerin.ch\/cms\/wp-json\/wp\/v2\/types\/page"}],"author":[{"embeddable":true,"href":"https:\/\/www.raumplanerin.ch\/cms\/wp-json\/wp\/v2\/users\/2"}],"replies":[{"embeddable":true,"href":"https:\/\/www.raumplanerin.ch\/cms\/wp-json\/wp\/v2\/comments?post=25"}],"version-history":[{"count":11,"href":"https:\/\/www.raumplanerin.ch\/cms\/wp-json\/wp\/v2\/pages\/25\/revisions"}],"predecessor-version":[{"id":3408,"href":"https:\/\/www.raumplanerin.ch\/cms\/wp-json\/wp\/v2\/pages\/25\/revisions\/3408"}],"wp:attachment":[{"href":"https:\/\/www.raumplanerin.ch\/cms\/wp-json\/wp\/v2\/media?parent=25"}],"curies":[{"name":"wp","href":"https:\/\/api.w.org\/{rel}","templated":true}]}}